{"id":1209,"date":"2025-12-11T18:19:21","date_gmt":"2025-12-11T17:19:21","guid":{"rendered":"https:\/\/schickhuber.art\/?page_id=1209"},"modified":"2025-12-11T18:25:35","modified_gmt":"2025-12-11T17:25:35","slug":"impressum","status":"publish","type":"page","link":"https:\/\/schickhuber.art\/?page_id=1209","title":{"rendered":"Impressum"},"content":{"rendered":"\t\t<div data-elementor-type=\"wp-page\" data-elementor-id=\"1209\" class=\"elementor elementor-1209\" data-elementor-post-type=\"page\">\n\t\t\t\t<div class=\"elementor-element elementor-element-dbf0c9e e-flex e-con-boxed e-con e-parent\" data-id=\"dbf0c9e\" data-element_type=\"container\" data-e-type=\"container\">\n\t\t\t\t\t<div class=\"e-con-inner\">\n\t\t\t\t<div class=\"elementor-element elementor-element-493b81a elementor-widget elementor-widget-text-editor\" data-id=\"493b81a\" data-element_type=\"widget\" data-e-type=\"widget\" data-widget_type=\"text-editor.default\">\n\t\t\t\t\t\t\t\t\t<h1>Impressum<\/h1>\n<h2 id=\"m46\">Diensteanbieter<\/h2>\n<p>Franz Schickhuber<\/p>\n<p>Palmstra\u00dfe 13<\/p>\n<p>84387 Julbach<\/p>\n\n<h2 id=\"m56\">Kontaktm\u00f6glichkeiten<\/h2><p>E-Mail-Adresse: <a href=\"mailto:info@schickhuber.art\">info@schickhuber.art<\/a><\/p>\n\n<h2 id=\"m5234\">Vorbehalt der Nutzung f\u00fcr Text und Data Mining<\/h2><p>Vorbehalt der Nutzung f\u00fcr Text und Data Mining: Der Inhaber dieser Website gestattet die Nutzung oder das Herunterladen von Inhalten dieser Website durch Dritte f\u00fcr die Entwicklung, das Training oder den Betrieb von k\u00fcnstlicher Intelligenz oder anderen maschinellen Lernsystemen (&#8222;Text und Data Mining&#8220;) ausschlie\u00dflich mit ausdr\u00fccklicher schriftlicher Zustimmung des Inhabers. Ohne eine solche Zustimmung ist es untersagt, die Inhalte f\u00fcr Text und Data Mining zu verwenden. Dies gilt auch, wenn auf der Website keine Meta-Angaben vorhanden sind, die entsprechende Verfahren aussperren, und selbst dann, wenn Bots, die den Zweck haben, die Website zu Zwecken des Text und Data Mining auszulesen, nicht ausgesperrt werden.<\/p>\n\n<h2 id=\"m65\">Haftungs- und Schutzrechtshinweise<\/h2><p>Haftungsausschluss: Die Inhalte dieses Onlineangebotes wurden sorgf\u00e4ltig und nach unserem aktuellen Kenntnisstand erstellt, dienen jedoch nur der Information und entfalten keine rechtlich bindende Wirkung, sofern es sich nicht um gesetzlich verpflichtende Informationen (z.\u00a0B. das Impressum, die Datenschutzerkl\u00e4rung, AGB oder verpflichtende Belehrungen von Verbrauchern) handelt. Wir behalten uns vor, die Inhalte vollst\u00e4ndig oder teilweise zu \u00e4ndern oder zu l\u00f6schen, soweit vertragliche Verpflichtungen unber\u00fchrt bleiben. Alle Angebote sind freibleibend und unverbindlich.<\/p>\n<p>Urheberrechte und Markenrechte: Alle auf dieser Website dargestellten Inhalte, wie Texte, Fotografien, Grafiken, Marken und Warenzeichen sind durch die jeweiligen Schutzrechte (Urheberrechte, Markenrechte) gesch\u00fctzt. Die Verwendung, Vervielf\u00e4ltigung usw. unterliegen unseren Rechten oder den Rechten der jeweiligen Urheber bzw. Rechteinhaber.<\/p>\n\n<h2 id=\"m169\">Bildnachweise<\/h2><p>Bildquellen und Urheberrechtshinweise: <\/p>\n<p>Bildquellen: Franz Schickhuber, OceanWP<\/p>\n\n<p class=\"seal\"><a href=\"https:\/\/datenschutz-generator.de\/\" title=\"Rechtstext von Dr. Schwenke - f\u00fcr weitere Informationen bitte anklicken.\" target=\"_blank\" rel=\"noopener noreferrer nofollow\">Erstellt mit kostenlosem Datenschutz-Generator.de von Dr. Thomas Schwenke<\/a><\/p>\t\t\t\t\t\t\t\t<\/div>\n\t\t\t\t\t<\/div>\n\t\t\t\t<\/div>\n\t\t\t\t<\/div>\n\t\t","protected":false},"excerpt":{"rendered":"<p>Impressum Diensteanbieter Franz Schickhuber Palmstra\u00dfe 13 84387 Julbach Kontaktm\u00f6glichkeiten E-Mail-Adresse: info@schickhuber.art Vorbehalt der Nutzung f\u00fcr Text und Data Mining Vorbehalt der Nutzung f\u00fcr Text und Data Mining: Der Inhaber dieser Website gestattet die Nutzung oder das Herunterladen von Inhalten dieser Website durch Dritte f\u00fcr die Entwicklung, das Training oder den Betrieb von k\u00fcnstlicher Intelligenz oder [&hellip;]<\/p>\n","protected":false},"author":1,"featured_media":0,"parent":0,"menu_order":0,"comment_status":"closed","ping_status":"closed","template":"","meta":{"ocean_post_layout":"","ocean_both_sidebars_style":"","ocean_both_sidebars_content_width":0,"ocean_both_sidebars_sidebars_width":0,"ocean_sidebar":"","ocean_second_sidebar":"","ocean_disable_margins":"enable","ocean_add_body_class":"","ocean_shortcode_before_top_bar":"","ocean_shortcode_after_top_bar":"","ocean_shortcode_before_header":"","ocean_shortcode_after_header":"","ocean_has_shortcode":"","ocean_shortcode_after_title":"","ocean_shortcode_before_footer_widgets":"","ocean_shortcode_after_footer_widgets":"","ocean_shortcode_before_footer_bottom":"","ocean_shortcode_after_footer_bottom":"","ocean_display_top_bar":"default","ocean_display_header":"default","ocean_header_style":"","ocean_center_header_left_menu":"","ocean_custom_header_template":"","ocean_custom_logo":0,"ocean_custom_retina_logo":0,"ocean_custom_logo_max_width":0,"ocean_custom_logo_tablet_max_width":0,"ocean_custom_logo_mobile_max_width":0,"ocean_custom_logo_max_height":0,"ocean_custom_logo_tablet_max_height":0,"ocean_custom_logo_mobile_max_height":0,"ocean_header_custom_menu":"","ocean_menu_typo_font_family":"","ocean_menu_typo_font_subset":"","ocean_menu_typo_font_size":0,"ocean_menu_typo_font_size_tablet":0,"ocean_menu_typo_font_size_mobile":0,"ocean_menu_typo_font_size_unit":"px","ocean_menu_typo_font_weight":"","ocean_menu_typo_font_weight_tablet":"","ocean_menu_typo_font_weight_mobile":"","ocean_menu_typo_transform":"","ocean_menu_typo_transform_tablet":"","ocean_menu_typo_transform_mobile":"","ocean_menu_typo_line_height":0,"ocean_menu_typo_line_height_tablet":0,"ocean_menu_typo_line_height_mobile":0,"ocean_menu_typo_line_height_unit":"","ocean_menu_typo_spacing":0,"ocean_menu_typo_spacing_tablet":0,"ocean_menu_typo_spacing_mobile":0,"ocean_menu_typo_spacing_unit":"","ocean_menu_link_color":"","ocean_menu_link_color_hover":"","ocean_menu_link_color_active":"","ocean_menu_link_background":"","ocean_menu_link_hover_background":"","ocean_menu_link_active_background":"","ocean_menu_social_links_bg":"","ocean_menu_social_hover_links_bg":"","ocean_menu_social_links_color":"","ocean_menu_social_hover_links_color":"","ocean_disable_title":"default","ocean_disable_heading":"default","ocean_post_title":"","ocean_post_subheading":"","ocean_post_title_style":"","ocean_post_title_background_color":"","ocean_post_title_background":0,"ocean_post_title_bg_image_position":"","ocean_post_title_bg_image_attachment":"","ocean_post_title_bg_image_repeat":"","ocean_post_title_bg_image_size":"","ocean_post_title_height":0,"ocean_post_title_bg_overlay":0.5,"ocean_post_title_bg_overlay_color":"","ocean_disable_breadcrumbs":"default","ocean_breadcrumbs_color":"","ocean_breadcrumbs_separator_color":"","ocean_breadcrumbs_links_color":"","ocean_breadcrumbs_links_hover_color":"","ocean_display_footer_widgets":"default","ocean_display_footer_bottom":"default","ocean_custom_footer_template":"","footnotes":""},"class_list":["post-1209","page","type-page","status-publish","hentry","entry"],"_links":{"self":[{"href":"https:\/\/schickhuber.art\/index.php?rest_route=\/wp\/v2\/pages\/1209","targetHints":{"allow":["GET"]}}],"collection":[{"href":"https:\/\/schickhuber.art\/index.php?rest_route=\/wp\/v2\/pages"}],"about":[{"href":"https:\/\/schickhuber.art\/index.php?rest_route=\/wp\/v2\/types\/page"}],"author":[{"embeddable":true,"href":"https:\/\/schickhuber.art\/index.php?rest_route=\/wp\/v2\/users\/1"}],"replies":[{"embeddable":true,"href":"https:\/\/schickhuber.art\/index.php?rest_route=%2Fwp%2Fv2%2Fcomments&post=1209"}],"version-history":[{"count":4,"href":"https:\/\/schickhuber.art\/index.php?rest_route=\/wp\/v2\/pages\/1209\/revisions"}],"predecessor-version":[{"id":1213,"href":"https:\/\/schickhuber.art\/index.php?rest_route=\/wp\/v2\/pages\/1209\/revisions\/1213"}],"wp:attachment":[{"href":"https:\/\/schickhuber.art\/index.php?rest_route=%2Fwp%2Fv2%2Fmedia&parent=1209"}],"curies":[{"name":"wp","href":"https:\/\/api.w.org\/{rel}","templated":true}]}}